{"id":1406,"date":"2023-08-17T02:23:27","date_gmt":"2023-08-17T02:23:27","guid":{"rendered":"https:\/\/cookinrio.com\/food\/?page_id=1406"},"modified":"2024-01-27T12:23:01","modified_gmt":"2024-01-27T12:23:01","slug":"trade-2","status":"publish","type":"page","link":"https:\/\/cookinrio.com\/food\/about-cook-rio-de-janeiro\/trade-2\/","title":{"rendered":"Work with us"},"content":{"rendered":"\n<h2 class=\"wp-block-heading\">Voce \u00e9 agente de viagem e quer nos enviar seus clientes? <a href=\"https:\/\/cookinrio.com\/food\/trade-2\/\">Tarif\u00e1rios para o trade tur\u00edstico<\/a><\/h2>\n\n\n\n<p><\/p>\n\n\n\n<h2 class=\"wp-block-heading\">Love to cook and entertain? <a href=\"mailto:info@cookinrio.com\">We are hiring!<\/a><\/h2>\n\n\n\n<p><\/p>\n\n\n\n<h2 class=\"wp-block-heading\">Got followers?<\/h2>\n\n\n\n<p>Are you a travel influencer, travel writer or journalist covering Rio de Janeiro, cooking classes or fun things to do during a vacation? <a href=\"https:\/\/www.cookinrio.com\/weloveinfluencers.html\">Contact us now!<\/a><\/p>\n\n\n\n<figure class=\"wp-block-image size-full is-resized\"><img fetchpriority=\"high\" decoding=\"async\" width=\"800\" height=\"800\" src=\"https:\/\/cookinrio.com\/food\/wp-content\/uploads\/2023\/10\/cook-in-rio-in-lonely-planet-brazil-2016.png\" alt=\"\" class=\"wp-image-1649\" style=\"width:371px;height:auto\" srcset=\"https:\/\/cookinrio.com\/food\/wp-content\/uploads\/2023\/10\/cook-in-rio-in-lonely-planet-brazil-2016.png 800w, https:\/\/cookinrio.com\/food\/wp-content\/uploads\/2023\/10\/cook-in-rio-in-lonely-planet-brazil-2016-300x300.png 300w, https:\/\/cookinrio.com\/food\/wp-content\/uploads\/2023\/10\/cook-in-rio-in-lonely-planet-brazil-2016-150x150.png 150w, https:\/\/cookinrio.com\/food\/wp-content\/uploads\/2023\/10\/cook-in-rio-in-lonely-planet-brazil-2016-768x768.png 768w\" sizes=\"(max-width: 800px) 100vw, 800px\" \/><\/figure>\n","protected":false},"excerpt":{"rendered":"<p>Voce \u00e9 agente de viagem e quer nos enviar seus clientes? Tarif\u00e1rios para o trade tur\u00edstico Love to cook and entertain? We are hiring! Got followers? Are you a travel influencer, travel writer or journalist covering Rio de Janeiro, cooking classes or fun things to do during a vacation? Contact us now!<\/p>\n","protected":false},"author":1,"featured_media":0,"parent":1404,"menu_order":0,"comment_status":"closed","ping_status":"closed","template":"","meta":{"site-sidebar-layout":"default","site-content-layout":"","ast-site-content-layout":"default","site-content-style":"default","site-sidebar-style":"default","ast-global-header-display":"","ast-banner-title-visibility":"","ast-main-header-display":"","ast-hfb-above-header-display":"","ast-hfb-below-header-display":"","ast-hfb-mobile-header-display":"","site-post-title":"","ast-breadcrumbs-content":"","ast-featured-img":"","footer-sml-layout":"","theme-transparent-header-meta":"","adv-header-id-meta":"","stick-header-meta":"","header-above-stick-meta":"","header-main-stick-meta":"","header-below-stick-meta":"","astra-migrate-meta-layouts":"set","footnotes":""},"class_list":["post-1406","page","type-page","status-publish","hentry"],"yoast_head":"<!-- This site is optimized with the Yoast SEO plugin v25.5 - https:\/\/yoast.com\/wordpress\/plugins\/seo\/ -->\n<title>Work with us -<\/title>\n<meta name=\"description\" content=\"oin our culinary team in Rio! Cook with us and savor the flavors of Brazil. Exciting opportunities await. #CookInRio #WorkWithUs\" \/>\n<meta name=\"robots\" content=\"noindex, follow\" \/>\n<meta property=\"og:locale\" content=\"en_US\" \/>\n<meta property=\"og:type\" content=\"article\" \/>\n<meta property=\"og:title\" content=\"Work with us -\" \/>\n<meta property=\"og:description\" content=\"oin our culinary team in Rio! Cook with us and savor the flavors of Brazil. Exciting opportunities await. #CookInRio #WorkWithUs\" \/>\n<meta property=\"og:url\" content=\"https:\/\/cookinrio.com\/food\/about-cook-rio-de-janeiro\/trade-2\/\" \/>\n<meta property=\"article:publisher\" content=\"https:\/\/www.facebook.com\/cookinrio\/\" \/>\n<meta property=\"article:modified_time\" content=\"2024-01-27T12:23:01+00:00\" \/>\n<meta property=\"og:image\" content=\"https:\/\/cookinrio.com\/food\/wp-content\/uploads\/2023\/10\/cook-in-rio-in-lonely-planet-brazil-2016.png\" \/>\n<meta name=\"twitter:card\" content=\"summary_large_image\" \/>\n<meta name=\"twitter:label1\" content=\"Est. reading time\" \/>\n\t<meta name=\"twitter:data1\" content=\"1 minute\" \/>\n<script type=\"application\/ld+json\" class=\"yoast-schema-graph\">{\"@context\":\"https:\/\/schema.org\",\"@graph\":[{\"@type\":\"WebPage\",\"@id\":\"https:\/\/cookinrio.com\/food\/about-cook-rio-de-janeiro\/trade-2\/\",\"url\":\"https:\/\/cookinrio.com\/food\/about-cook-rio-de-janeiro\/trade-2\/\",\"name\":\"Work with us -\",\"isPartOf\":{\"@id\":\"https:\/\/cookinrio.com\/food\/#website\"},\"primaryImageOfPage\":{\"@id\":\"https:\/\/cookinrio.com\/food\/about-cook-rio-de-janeiro\/trade-2\/#primaryimage\"},\"image\":{\"@id\":\"https:\/\/cookinrio.com\/food\/about-cook-rio-de-janeiro\/trade-2\/#primaryimage\"},\"thumbnailUrl\":\"https:\/\/cookinrio.com\/food\/wp-content\/uploads\/2023\/10\/cook-in-rio-in-lonely-planet-brazil-2016.png\",\"datePublished\":\"2023-08-17T02:23:27+00:00\",\"dateModified\":\"2024-01-27T12:23:01+00:00\",\"description\":\"oin our culinary team in Rio! Cook with us and savor the flavors of Brazil. Exciting opportunities await. #CookInRio #WorkWithUs\",\"breadcrumb\":{\"@id\":\"https:\/\/cookinrio.com\/food\/about-cook-rio-de-janeiro\/trade-2\/#breadcrumb\"},\"inLanguage\":\"en-US\",\"potentialAction\":[{\"@type\":\"ReadAction\",\"target\":[\"https:\/\/cookinrio.com\/food\/about-cook-rio-de-janeiro\/trade-2\/\"]}]},{\"@type\":\"ImageObject\",\"inLanguage\":\"en-US\",\"@id\":\"https:\/\/cookinrio.com\/food\/about-cook-rio-de-janeiro\/trade-2\/#primaryimage\",\"url\":\"https:\/\/cookinrio.com\/food\/wp-content\/uploads\/2023\/10\/cook-in-rio-in-lonely-planet-brazil-2016.png\",\"contentUrl\":\"https:\/\/cookinrio.com\/food\/wp-content\/uploads\/2023\/10\/cook-in-rio-in-lonely-planet-brazil-2016.png\",\"width\":800,\"height\":800,\"caption\":\"travel guide brochure for traveling in brazil\"},{\"@type\":\"BreadcrumbList\",\"@id\":\"https:\/\/cookinrio.com\/food\/about-cook-rio-de-janeiro\/trade-2\/#breadcrumb\",\"itemListElement\":[{\"@type\":\"ListItem\",\"position\":1,\"name\":\"Home\",\"item\":\"https:\/\/cookinrio.com\/food\/\"},{\"@type\":\"ListItem\",\"position\":2,\"name\":\"About Cook in Rio\",\"item\":\"https:\/\/cookinrio.com\/food\/about-cook-rio-de-janeiro\/\"},{\"@type\":\"ListItem\",\"position\":3,\"name\":\"Work with us\"}]},{\"@type\":\"WebSite\",\"@id\":\"https:\/\/cookinrio.com\/food\/#website\",\"url\":\"https:\/\/cookinrio.com\/food\/\",\"name\":\"Cook in Rio\",\"description\":\"Travel Food Tips For Rio de Janeiro and Brazil\",\"publisher\":{\"@id\":\"https:\/\/cookinrio.com\/food\/#organization\"},\"potentialAction\":[{\"@type\":\"SearchAction\",\"target\":{\"@type\":\"EntryPoint\",\"urlTemplate\":\"https:\/\/cookinrio.com\/food\/?s={search_term_string}\"},\"query-input\":{\"@type\":\"PropertyValueSpecification\",\"valueRequired\":true,\"valueName\":\"search_term_string\"}}],\"inLanguage\":\"en-US\"},{\"@type\":\"Organization\",\"@id\":\"https:\/\/cookinrio.com\/food\/#organization\",\"name\":\"Cook in Rio Brazilian cooking classes\",\"url\":\"https:\/\/cookinrio.com\/food\/\",\"logo\":{\"@type\":\"ImageObject\",\"inLanguage\":\"en-US\",\"@id\":\"https:\/\/cookinrio.com\/food\/#\/schema\/logo\/image\/\",\"url\":\"https:\/\/cookinrio.com\/food\/wp-content\/uploads\/2023\/08\/COOKINRIO-LOGO-LARGE-nobg-scaled.webp\",\"contentUrl\":\"https:\/\/cookinrio.com\/food\/wp-content\/uploads\/2023\/08\/COOKINRIO-LOGO-LARGE-nobg-scaled.webp\",\"width\":2560,\"height\":1307,\"caption\":\"Cook in Rio Brazilian cooking classes\"},\"image\":{\"@id\":\"https:\/\/cookinrio.com\/food\/#\/schema\/logo\/image\/\"},\"sameAs\":[\"https:\/\/www.facebook.com\/cookinrio\/\",\"https:\/\/www.instagram.com\/cookinrio\/\"]}]}<\/script>\n<!-- \/ Yoast SEO plugin. -->","yoast_head_json":{"title":"Work with us -","description":"oin our culinary team in Rio! Cook with us and savor the flavors of Brazil. Exciting opportunities await. #CookInRio #WorkWithUs","robots":{"index":"noindex","follow":"follow"},"og_locale":"en_US","og_type":"article","og_title":"Work with us -","og_description":"oin our culinary team in Rio! Cook with us and savor the flavors of Brazil. Exciting opportunities await. #CookInRio #WorkWithUs","og_url":"https:\/\/cookinrio.com\/food\/about-cook-rio-de-janeiro\/trade-2\/","article_publisher":"https:\/\/www.facebook.com\/cookinrio\/","article_modified_time":"2024-01-27T12:23:01+00:00","og_image":[{"url":"https:\/\/cookinrio.com\/food\/wp-content\/uploads\/2023\/10\/cook-in-rio-in-lonely-planet-brazil-2016.png","type":"","width":"","height":""}],"twitter_card":"summary_large_image","twitter_misc":{"Est. reading time":"1 minute"},"schema":{"@context":"https:\/\/schema.org","@graph":[{"@type":"WebPage","@id":"https:\/\/cookinrio.com\/food\/about-cook-rio-de-janeiro\/trade-2\/","url":"https:\/\/cookinrio.com\/food\/about-cook-rio-de-janeiro\/trade-2\/","name":"Work with us -","isPartOf":{"@id":"https:\/\/cookinrio.com\/food\/#website"},"primaryImageOfPage":{"@id":"https:\/\/cookinrio.com\/food\/about-cook-rio-de-janeiro\/trade-2\/#primaryimage"},"image":{"@id":"https:\/\/cookinrio.com\/food\/about-cook-rio-de-janeiro\/trade-2\/#primaryimage"},"thumbnailUrl":"https:\/\/cookinrio.com\/food\/wp-content\/uploads\/2023\/10\/cook-in-rio-in-lonely-planet-brazil-2016.png","datePublished":"2023-08-17T02:23:27+00:00","dateModified":"2024-01-27T12:23:01+00:00","description":"oin our culinary team in Rio! Cook with us and savor the flavors of Brazil. Exciting opportunities await. #CookInRio #WorkWithUs","breadcrumb":{"@id":"https:\/\/cookinrio.com\/food\/about-cook-rio-de-janeiro\/trade-2\/#breadcrumb"},"inLanguage":"en-US","potentialAction":[{"@type":"ReadAction","target":["https:\/\/cookinrio.com\/food\/about-cook-rio-de-janeiro\/trade-2\/"]}]},{"@type":"ImageObject","inLanguage":"en-US","@id":"https:\/\/cookinrio.com\/food\/about-cook-rio-de-janeiro\/trade-2\/#primaryimage","url":"https:\/\/cookinrio.com\/food\/wp-content\/uploads\/2023\/10\/cook-in-rio-in-lonely-planet-brazil-2016.png","contentUrl":"https:\/\/cookinrio.com\/food\/wp-content\/uploads\/2023\/10\/cook-in-rio-in-lonely-planet-brazil-2016.png","width":800,"height":800,"caption":"travel guide brochure for traveling in brazil"},{"@type":"BreadcrumbList","@id":"https:\/\/cookinrio.com\/food\/about-cook-rio-de-janeiro\/trade-2\/#breadcrumb","itemListElement":[{"@type":"ListItem","position":1,"name":"Home","item":"https:\/\/cookinrio.com\/food\/"},{"@type":"ListItem","position":2,"name":"About Cook in Rio","item":"https:\/\/cookinrio.com\/food\/about-cook-rio-de-janeiro\/"},{"@type":"ListItem","position":3,"name":"Work with us"}]},{"@type":"WebSite","@id":"https:\/\/cookinrio.com\/food\/#website","url":"https:\/\/cookinrio.com\/food\/","name":"Cook in Rio","description":"Travel Food Tips For Rio de Janeiro and Brazil","publisher":{"@id":"https:\/\/cookinrio.com\/food\/#organization"},"potentialAction":[{"@type":"SearchAction","target":{"@type":"EntryPoint","urlTemplate":"https:\/\/cookinrio.com\/food\/?s={search_term_string}"},"query-input":{"@type":"PropertyValueSpecification","valueRequired":true,"valueName":"search_term_string"}}],"inLanguage":"en-US"},{"@type":"Organization","@id":"https:\/\/cookinrio.com\/food\/#organization","name":"Cook in Rio Brazilian cooking classes","url":"https:\/\/cookinrio.com\/food\/","logo":{"@type":"ImageObject","inLanguage":"en-US","@id":"https:\/\/cookinrio.com\/food\/#\/schema\/logo\/image\/","url":"https:\/\/cookinrio.com\/food\/wp-content\/uploads\/2023\/08\/COOKINRIO-LOGO-LARGE-nobg-scaled.webp","contentUrl":"https:\/\/cookinrio.com\/food\/wp-content\/uploads\/2023\/08\/COOKINRIO-LOGO-LARGE-nobg-scaled.webp","width":2560,"height":1307,"caption":"Cook in Rio Brazilian cooking classes"},"image":{"@id":"https:\/\/cookinrio.com\/food\/#\/schema\/logo\/image\/"},"sameAs":["https:\/\/www.facebook.com\/cookinrio\/","https:\/\/www.instagram.com\/cookinrio\/"]}]}},"_links":{"self":[{"href":"https:\/\/cookinrio.com\/food\/wp-json\/wp\/v2\/pages\/1406","targetHints":{"allow":["GET"]}}],"collection":[{"href":"https:\/\/cookinrio.com\/food\/wp-json\/wp\/v2\/pages"}],"about":[{"href":"https:\/\/cookinrio.com\/food\/wp-json\/wp\/v2\/types\/page"}],"author":[{"embeddable":true,"href":"https:\/\/cookinrio.com\/food\/wp-json\/wp\/v2\/users\/1"}],"replies":[{"embeddable":true,"href":"https:\/\/cookinrio.com\/food\/wp-json\/wp\/v2\/comments?post=1406"}],"version-history":[{"count":7,"href":"https:\/\/cookinrio.com\/food\/wp-json\/wp\/v2\/pages\/1406\/revisions"}],"predecessor-version":[{"id":4029,"href":"https:\/\/cookinrio.com\/food\/wp-json\/wp\/v2\/pages\/1406\/revisions\/4029"}],"up":[{"embeddable":true,"href":"https:\/\/cookinrio.com\/food\/wp-json\/wp\/v2\/pages\/1404"}],"wp:attachment":[{"href":"https:\/\/cookinrio.com\/food\/wp-json\/wp\/v2\/media?parent=1406"}],"curies":[{"name":"wp","href":"https:\/\/api.w.org\/{rel}","templated":true}]}}